{"id":18,"date":"2009-11-09T12:16:33","date_gmt":"2009-11-09T18:16:33","guid":{"rendered":"http:\/\/www.terrassedesdeliceshotelouarzazate.com\/?page_id=18"},"modified":"2017-09-14T01:08:26","modified_gmt":"2017-09-14T00:08:26","slug":"ouarzazate-2","status":"publish","type":"page","link":"https:\/\/terrassedesdelices.com\/fr\/situation-hotel-ouarzazate\/","title":{"rendered":"Location, How to get here?"},"content":{"rendered":"<p><\/p>\n<h2>Comment Arriver Chez Nous?<\/h2>\n<h3>Acc\u00e8s \u00e0 La Terrasse des D\u00e9lices<\/h3>\n<p>Depuis le centre ville de Ouarzazate, prendre la direction de Zagora, franchir le pont sur l&rsquo;oued puis continuer dans Tarmight jusqu&rsquo;\u00e0 l&rsquo;intersection et tourner \u00e0 droite direction Marrakech. Aller tout droit pendant un peu plus de 2 km jusqu&rsquo;au panneau qui indique l&rsquo;oasis de Fint sur votre gauche. <\/p>\n<p>Prendre la route goudronn\u00e9e sur 10 km puis une piste sur quelques kilom\u00e8tres (carrossable avec une voiture) puis passer le pont de pierre qui enjambe l&rsquo;oued puis traverser 2 petits oueds qui ne posent aucun probl\u00e8me avec une voiture de tourisme, un chemin en terre et vous arriverez \u00ab <em>au paradis<\/em> \u00bb.<\/p>\n<h2>Le plan<\/h2>\n<p><iframe loading=\"lazy\" width=\"100%\" height=\"430\" frameborder=\"3\" scrolling=\"no\" marginheight=\"0\" marginwidth=\"0\" src=\"http:\/\/maps.google.com\/maps\/ms?ie=UTF8&amp;hl=en&amp;t=h&amp;msa=0&amp;msid=104513962092119258851.000477f55423f9476d008&amp;ll=30.876887,-6.926537&amp;spn=0.126706,0.145912&amp;z=12&amp;output=embed\"><\/iframe><br \/><small>Voir <a target=\"_blank\" rel=\"nofollow\" href=\"http:\/\/maps.google.com\/maps\/ms?ie=UTF8&amp;hl=en&amp;t=h&amp;msa=0&amp;msid=104513962092119258851.000477f55423f9476d008&amp;ll=30.876887,-6.926537&amp;spn=0.126706,0.145912&amp;z=12&amp;source=embed\" style=\"color:#0000FF;text-align:left\">Terrasse des D\u00e9lices<\/a> dans une carte plus grande.<\/small><\/p>\n<h2>Encore curieux au sujet de notre h\u00f4tel?<\/h2>\n<p>La Terrasse des D\u00e9lices est un h\u00f4tel familial qui se trouve dans les montagnes et qui surplombe l\u2019oasis de Fint. Fint se situe \u00e0 15 km de Ouarzazate et est une belle alternative aux grands h\u00f4tels de la ville. Ainsi, il est possible de profiter de deux ambiances diff\u00e9rentes.<\/p>\n<p>L\u2019h\u00f4tel se situe de l\u2019autre c\u00f4t\u00e9 de la rivi\u00e8re, dans les montagnes. Nous vous invitons \u00e0 passer quelques jours dans le d\u00e9sert et \u00e0 rentrer chez vous des images plein la t\u00eate.<\/p>\n<p>En passant une journ\u00e9e avec nous vous profiterez du calme, de la s\u00e9r\u00e9nit\u00e9, du style de vie berb\u00e8re et de la musique live, le soir. Chaque matin, notre famille vous pr\u00e9parera le pain traditionnel, les fameuses \u201cgalettes aghroum\u201d qui sont une sp\u00e9cialit\u00e9 du sud. Vous pourrez m\u00eame participer \u00e0 leur fabrication.<\/p>\n<p><img decoding=\"async\" class=\"foto floatl w49p foto_demi_left \" src=\"http:\/\/farm3.static.flickr.com\/2627\/4090759798_3eb1fb828d.jpg\" alt=\"La Terrasse des D\u00e9lices - Hotel Ouarzazate Maroc\" \/><img decoding=\"async\" class=\"foto floatl w49p\" src=\"http:\/\/farm3.static.flickr.com\/2485\/4089995799_a1dd5649f4.jpg\"  alt=\"La Terrasse des D\u00e9lices - Hotel Ouarzazate Maroc\" \/><\/p>\n<p>En une journ\u00e9e vous aurez la possibilit\u00e9 de visiter les villages des alentours connus pour les magnifiques vues qu\u2019ils offrent aux voyageurs, ainsi que pour l\u2019activit\u00e9 berb\u00e8re locale.<\/p>\n<p>Nous vous proposons aussi de partir en excursions. Vous-m\u00eame choisirez le circuit dont vous avez envie, parmi les circuits que la r\u00e9gion poss\u00e8de. Il vous sera possible de partir quelques heures en excursion \u00e0 dos d\u2019\u00e2ne et dans les montagnes, et de visiter des maisons de tribus locales qui vivent encore de mani\u00e8re traditionnelle.<\/p>\n<blockquote>\n<h2>Ouarzazate, Sud du Maroc<\/h2>\n<p><img decoding=\"async\" src=\"http:\/\/farm3.static.flickr.com\/2754\/4090864304_2976050f4e.jpg\"  class=\"alignleft size-medium wp-image-167\"  alt=\"La Terrasse des D\u00e9lices - Hotel Ouarzazate Maroc\" \/><br \/>\nOuarzazate est en fait un chemin de passage vers les r\u00e9gions d\u00e9sertiques du Maroc. Sa kasbah, situ\u00e9e au centre de la ville, et les oasis qui l\u2019entourent, font de cette ville une magnifique destination pour passer quelques jours agr\u00e9ables. L\u00e0, vous pourrez profiter de la nature tout en \u00e9tant dans une ville moderne. Modernit\u00e9 dont ses habitants sont fiers.<\/p>\n<p>Avez-vous lu notre page d&rsquo;activit\u00e9s et activit\u00e9s \u00e0 Ouarzazate et Fint? Allez-y donc lire ce que vous pouvez faire pour passer un <a href=\"\/fr\/activites\/\">bon moment \u00e0 Ouarzazate et dans l&rsquo;oasis de Fint<\/a>. <\/p>\n<p>Si vous \u00eates venu ici pour la paix et la tranquillit\u00e9 bien m\u00e9rit\u00e9e, que diriez-vous d&rsquo;un bon th\u00e9 \u00e0 la menthe sur la terrasse? La terrasse est proche de la <a href=\"\/fr\/services\/\">piscine rafra\u00eechissante<\/a> et a une belle vue sur l&rsquo;oasis.<\/p>\n<div class=\"clear\"><\/div>\n<\/blockquote>\n<p><\/p>","protected":false},"excerpt":{"rendered":"<p>Comment Arriver Chez Nous? Acc\u00e8s \u00e0 La Terrasse des D\u00e9lices Depuis le centre ville de Ouarzazate, prendre la direction de Zagora, franchir le pont sur l&rsquo;oued puis continuer dans Tarmight jusqu&rsquo;\u00e0 l&rsquo;intersection et tourner \u00e0 droite direction Marrakech. Aller tout droit pendant un peu plus de 2 km jusqu&rsquo;au panneau[&#8230;]<\/p>\n","protected":false},"author":181,"featured_media":306,"parent":0,"menu_order":5,"comment_status":"closed","ping_status":"closed","template":"template-fullwidth.php","meta":{"footnotes":""},"class_list":["post-18","page","type-page","status-publish","has-post-thumbnail","hentry"],"_links":{"self":[{"href":"https:\/\/terrassedesdelices.com\/fr\/wp-json\/wp\/v2\/pages\/18","targetHints":{"allow":["GET"]}}],"collection":[{"href":"https:\/\/terrassedesdelices.com\/fr\/wp-json\/wp\/v2\/pages"}],"about":[{"href":"https:\/\/terrassedesdelices.com\/fr\/wp-json\/wp\/v2\/types\/page"}],"author":[{"embeddable":true,"href":"https:\/\/terrassedesdelices.com\/fr\/wp-json\/wp\/v2\/users\/181"}],"replies":[{"embeddable":true,"href":"https:\/\/terrassedesdelices.com\/fr\/wp-json\/wp\/v2\/comments?post=18"}],"version-history":[{"count":3,"href":"https:\/\/terrassedesdelices.com\/fr\/wp-json\/wp\/v2\/pages\/18\/revisions"}],"predecessor-version":[{"id":434,"href":"https:\/\/terrassedesdelices.com\/fr\/wp-json\/wp\/v2\/pages\/18\/revisions\/434"}],"wp:featuredmedia":[{"embeddable":true,"href":"https:\/\/terrassedesdelices.com\/fr\/wp-json\/wp\/v2\/media\/306"}],"wp:attachment":[{"href":"https:\/\/terrassedesdelices.com\/fr\/wp-json\/wp\/v2\/media?parent=18"}],"curies":[{"name":"wp","href":"https:\/\/api.w.org\/{rel}","templated":true}]}}