{"id":34,"date":"2014-11-25T09:38:02","date_gmt":"2014-11-25T09:38:02","guid":{"rendered":"http:\/\/www.cssigniter.com\/preview\/olympusinn\/?page_id=34"},"modified":"2017-09-14T11:46:23","modified_gmt":"2017-09-14T10:46:23","slug":"services-2-columns","status":"publish","type":"page","link":"https:\/\/terrassedesdelices.com\/fr\/services\/","title":{"rendered":"Services"},"content":{"rendered":"<p>L\u2019auberge la terrasse des d\u00e9lices vous souhaite la bienvenue.<\/p>\n<p>Nous disposons de 15 chambres r\u00e9parties en double, simple ou familiale autour d\u2019un patio \u00e0 ciel ouvert. L\u2019auberge dispose de 30 lits au total mais il est toujours possible d\u2019en ajouter (nous contacter). Lit b\u00e9b\u00e9 sur demande.<\/p>\n<p><strong>Restaurant<\/strong> avec vue panoramique et imprenable sur la palmeraie o\u00f9 vous pourrez d\u00e9guster notre excellente cuisine du sud marocain ainsi la terrasse couverte face \u00e0 la piscine afin de vous reposer tout en d\u00e9gustant un bon th\u00e9 \u00e0 la menthe.<\/p>\n<p>Ici il fait vivre loin du bruit et de la foule pour profiter du soleil et des vues magnifiques sur l\u2019oasis de Fint.<\/p>","protected":false},"excerpt":{"rendered":"<p>L\u2019auberge la terrasse des d\u00e9lices vous souhaite la bienvenue. Nous disposons de 15 chambres r\u00e9parties en double, simple ou familiale autour d\u2019un patio \u00e0 ciel ouvert. L\u2019auberge dispose de 30 lits au total mais il est toujours possible d\u2019en ajouter (nous contacter). Lit b\u00e9b\u00e9 sur demande. Restaurant avec vue panoramique[&#8230;]<\/p>\n","protected":false},"author":181,"featured_media":0,"parent":0,"menu_order":0,"comment_status":"open","ping_status":"open","template":"template-services.php","meta":{"footnotes":""},"class_list":["post-34","page","type-page","status-publish","hentry"],"_links":{"self":[{"href":"https:\/\/terrassedesdelices.com\/fr\/wp-json\/wp\/v2\/pages\/34","targetHints":{"allow":["GET"]}}],"collection":[{"href":"https:\/\/terrassedesdelices.com\/fr\/wp-json\/wp\/v2\/pages"}],"about":[{"href":"https:\/\/terrassedesdelices.com\/fr\/wp-json\/wp\/v2\/types\/page"}],"author":[{"embeddable":true,"href":"https:\/\/terrassedesdelices.com\/fr\/wp-json\/wp\/v2\/users\/181"}],"replies":[{"embeddable":true,"href":"https:\/\/terrassedesdelices.com\/fr\/wp-json\/wp\/v2\/comments?post=34"}],"version-history":[{"count":8,"href":"https:\/\/terrassedesdelices.com\/fr\/wp-json\/wp\/v2\/pages\/34\/revisions"}],"predecessor-version":[{"id":438,"href":"https:\/\/terrassedesdelices.com\/fr\/wp-json\/wp\/v2\/pages\/34\/revisions\/438"}],"wp:attachment":[{"href":"https:\/\/terrassedesdelices.com\/fr\/wp-json\/wp\/v2\/media?parent=34"}],"curies":[{"name":"wp","href":"https:\/\/api.w.org\/{rel}","templated":true}]}}